{"id":3578,"date":"2017-08-18T09:22:48","date_gmt":"2017-08-18T13:22:48","guid":{"rendered":"http:\/\/www.trafficticketteam.com\/?page_id=3578\/"},"modified":"2019-08-19T13:08:32","modified_gmt":"2019-08-19T17:08:32","slug":"sunrise","status":"publish","type":"page","link":"https:\/\/www.trafficticketteam.com\/es\/abogados\/sunrise\/","title":{"rendered":"Sunrise"},"content":{"rendered":"<p>Multas por exceso de velocidad, luz roja, DUI y otras multas de tr\u00e1nsito no son cuesti\u00f3nes simples y el solo pagar una multa en Sunrise no significa que se resuelve el problema. En la Florida, el Departamento de Seguridad de Carreteras y Vehiculos Motorizados puede colocar puntos en su licencia. Si le dan mas de dos multas en el condado de Sunrise, le pueden quitar su licencia de conducir.\u00a0 Sabia usted que con solo una multa le pueden subir la cuota de seguro?.\u00a0 Ese incremento se puede quedar mas de tres a\u00f1os despues de usted pagar su multa.\u00a0 Por eso es importante que usted se defienda, no importa si es su primera multa.<\/p>\n<h2>Multas Comunes en el Condado de Sunrise<\/h2>\n<ul>\n<li>Manejar sin cuidado e agresivamente<\/li>\n<li>Manejar despues de consumir bebidas alcoh\u00f3licas bajo los 21 a\u00f1os<\/li>\n<li>Manejar con la licencia o registraci\u00f3n expirada<\/li>\n<li>Manejando bajo la influencia del alcohol (DUI)<\/li>\n<li>Manejando con un nivel de alcohol .08% o mas<\/li>\n<li>Darse a la fuga despues de un accidente<\/li>\n<li>Homicidio incolucrando un vehiculo<\/li>\n<li>Multas por exceso de velocidad<\/li>\n<li>Multas por exceso de velocidad para evitar ser detenido<\/li>\n<li>Exceso de velocidad en zona de construcci\u00f3n<\/li>\n<li>Exceso de velocidad en zona escolar<\/li>\n<li>Andar a carreras<\/li>\n<li>Multa por no tener seguro<\/li>\n<li>Multa por no parar despues de oir la sirena del carro de el oficial<\/li>\n<li>Pasarse un bus escolar<\/li>\n<li>Pasarse luz roja<\/li>\n<li>Pasarse se\u00f1al de pare<\/li>\n<\/ul>\n<h3>Contrate al Traffic Ticket Team de el condado de Sunrise<\/h3>\n<p>Cuando usted pelea una multa en el condado de Sunrise, usted quiere a un abogado que conoce y entiende las leyes de trafico locales.\u00a0 Contrate a un abogado en Sunrise que lo ayude a guiar el sistema. Los abogados de el Traffic Ticket Team de Sunrise han representado a muchos y les han explicado el proceso desde el comienzo hasta terminar.<\/p>\n<h3><strong>Beneficios de Disputar su Multa de Sunrise<\/strong><\/h3>\n<p>El Traffic Ticket Team tiene \u00e9xito de 99% en pelear multas en la Florida.\u00a0 Nuestra garantia para usted es esta<\/p>\n<ul>\n<li>No le daran puntos en su licencia<\/li>\n<li>Su cuota de seguro no subir\u00e1<\/li>\n<li>No tendra que ir a la corte. Nosotros vamos para que usted no tenga que perder tiempo de el trabajo o la escuela.<\/li>\n<li>Tranquilidad al saber que un abogado con experiencia lo defendera.<\/li>\n<\/ul>\n<p>Llame a el Traffic Ticket Team de Sunrise a el <span style=\"font-weight: 400;\">(866) 433-3363<\/span>.<\/p>\n","protected":false},"excerpt":{"rendered":"<p>Multas por exceso de velocidad, luz roja, DUI y otras multas de tr\u00e1nsito no son cuesti\u00f3nes simples y el solo pagar una multa en Sunrise no significa que se resuelve el problema. En la Florida, el Departamento de Seguridad de Carreteras y Vehiculos Motorizados puede colocar puntos en su licencia.  [&#8230;]<\/p>\n","protected":false},"author":4,"featured_media":0,"parent":3486,"menu_order":0,"comment_status":"closed","ping_status":"closed","template":"","meta":{"footnotes":""},"class_list":["post-3578","page","type-page","status-publish","hentry"],"yoast_head":"<!-- This site is optimized with the Yoast SEO plugin v27.3 - https:\/\/yoast.com\/product\/yoast-seo-wordpress\/ -->\n<title>Abogados que pelean Multas de Tr\u00e1nsito en Sunrise, FL<\/title>\n<meta name=\"robots\" content=\"index, follow, max-snippet:-1, max-image-preview:large, max-video-preview:-1\" \/>\n<link rel=\"canonical\" href=\"https:\/\/www.trafficticketteam.com\/es\/abogados\/sunrise\/\" \/>\n<meta property=\"og:locale\" content=\"es_ES\" \/>\n<meta property=\"og:type\" content=\"article\" \/>\n<meta property=\"og:title\" content=\"Abogados que pelean Multas de Tr\u00e1nsito en Sunrise, FL\" \/>\n<meta property=\"og:description\" content=\"Multas por exceso de velocidad, luz roja, DUI y otras multas de tr\u00e1nsito no son cuesti\u00f3nes simples y el solo pagar una multa en Sunrise no significa que se resuelve el problema. En la Florida, el Departamento de Seguridad de Carreteras y Vehiculos Motorizados puede colocar puntos en su licencia. [...]\" \/>\n<meta property=\"og:url\" content=\"https:\/\/www.trafficticketteam.com\/es\/abogados\/sunrise\/\" \/>\n<meta property=\"og:site_name\" content=\"Traffic Ticket Team\" \/>\n<meta property=\"article:publisher\" content=\"https:\/\/www.facebook.com\/trafficticketteam\/\" \/>\n<meta property=\"article:modified_time\" content=\"2019-08-19T17:08:32+00:00\" \/>\n<meta property=\"og:image\" content=\"https:\/\/www.trafficticketteam.com\/wp-content\/uploads\/2015\/12\/traffic-ticket-team-logo.webp\" \/>\n\t<meta property=\"og:image:width\" content=\"227\" \/>\n\t<meta property=\"og:image:height\" content=\"100\" \/>\n\t<meta property=\"og:image:type\" content=\"image\/webp\" \/>\n<meta name=\"twitter:card\" content=\"summary_large_image\" \/>\n<meta name=\"twitter:label1\" content=\"Tiempo de lectura\" \/>\n\t<meta name=\"twitter:data1\" content=\"2 minutos\" \/>\n<script type=\"application\/ld+json\" class=\"yoast-schema-graph\">{\"@context\":\"https:\\\/\\\/schema.org\",\"@graph\":[{\"@type\":\"WebPage\",\"@id\":\"https:\\\/\\\/www.trafficticketteam.com\\\/es\\\/abogados\\\/sunrise\\\/\",\"url\":\"https:\\\/\\\/www.trafficticketteam.com\\\/es\\\/abogados\\\/sunrise\\\/\",\"name\":\"Abogados que pelean Multas de Tr\u00e1nsito en Sunrise, FL\",\"isPartOf\":{\"@id\":\"https:\\\/\\\/www.trafficticketteam.com\\\/#website\"},\"datePublished\":\"2017-08-18T13:22:48+00:00\",\"dateModified\":\"2019-08-19T17:08:32+00:00\",\"breadcrumb\":{\"@id\":\"https:\\\/\\\/www.trafficticketteam.com\\\/es\\\/abogados\\\/sunrise\\\/#breadcrumb\"},\"inLanguage\":\"es\",\"potentialAction\":[{\"@type\":\"ReadAction\",\"target\":[\"https:\\\/\\\/www.trafficticketteam.com\\\/es\\\/abogados\\\/sunrise\\\/\"]}]},{\"@type\":\"BreadcrumbList\",\"@id\":\"https:\\\/\\\/www.trafficticketteam.com\\\/es\\\/abogados\\\/sunrise\\\/#breadcrumb\",\"itemListElement\":[{\"@type\":\"ListItem\",\"position\":1,\"name\":\"Home\",\"item\":\"https:\\\/\\\/www.trafficticketteam.com\\\/es\\\/\"},{\"@type\":\"ListItem\",\"position\":2,\"name\":\"Abogados que Pelean Multas de Tr\u00e1nsito\",\"item\":\"https:\\\/\\\/www.trafficticketteam.com\\\/es\\\/abogados\\\/\"},{\"@type\":\"ListItem\",\"position\":3,\"name\":\"Sunrise\"}]},{\"@type\":\"WebSite\",\"@id\":\"https:\\\/\\\/www.trafficticketteam.com\\\/#website\",\"url\":\"https:\\\/\\\/www.trafficticketteam.com\\\/\",\"name\":\"Traffic Ticket Team\",\"description\":\"Fighting Traffic Tickets, DUI and more\",\"potentialAction\":[{\"@type\":\"SearchAction\",\"target\":{\"@type\":\"EntryPoint\",\"urlTemplate\":\"https:\\\/\\\/www.trafficticketteam.com\\\/?s={search_term_string}\"},\"query-input\":{\"@type\":\"PropertyValueSpecification\",\"valueRequired\":true,\"valueName\":\"search_term_string\"}}],\"inLanguage\":\"es\"}]}<\/script>\n<!-- \/ Yoast SEO plugin. -->","yoast_head_json":{"title":"Abogados que pelean Multas de Tr\u00e1nsito en Sunrise, FL","robots":{"index":"index","follow":"follow","max-snippet":"max-snippet:-1","max-image-preview":"max-image-preview:large","max-video-preview":"max-video-preview:-1"},"canonical":"https:\/\/www.trafficticketteam.com\/es\/abogados\/sunrise\/","og_locale":"es_ES","og_type":"article","og_title":"Abogados que pelean Multas de Tr\u00e1nsito en Sunrise, FL","og_description":"Multas por exceso de velocidad, luz roja, DUI y otras multas de tr\u00e1nsito no son cuesti\u00f3nes simples y el solo pagar una multa en Sunrise no significa que se resuelve el problema. En la Florida, el Departamento de Seguridad de Carreteras y Vehiculos Motorizados puede colocar puntos en su licencia. [...]","og_url":"https:\/\/www.trafficticketteam.com\/es\/abogados\/sunrise\/","og_site_name":"Traffic Ticket Team","article_publisher":"https:\/\/www.facebook.com\/trafficticketteam\/","article_modified_time":"2019-08-19T17:08:32+00:00","og_image":[{"width":227,"height":100,"url":"https:\/\/www.trafficticketteam.com\/wp-content\/uploads\/2015\/12\/traffic-ticket-team-logo.webp","type":"image\/webp"}],"twitter_card":"summary_large_image","twitter_misc":{"Tiempo de lectura":"2 minutos"},"schema":{"@context":"https:\/\/schema.org","@graph":[{"@type":"WebPage","@id":"https:\/\/www.trafficticketteam.com\/es\/abogados\/sunrise\/","url":"https:\/\/www.trafficticketteam.com\/es\/abogados\/sunrise\/","name":"Abogados que pelean Multas de Tr\u00e1nsito en Sunrise, FL","isPartOf":{"@id":"https:\/\/www.trafficticketteam.com\/#website"},"datePublished":"2017-08-18T13:22:48+00:00","dateModified":"2019-08-19T17:08:32+00:00","breadcrumb":{"@id":"https:\/\/www.trafficticketteam.com\/es\/abogados\/sunrise\/#breadcrumb"},"inLanguage":"es","potentialAction":[{"@type":"ReadAction","target":["https:\/\/www.trafficticketteam.com\/es\/abogados\/sunrise\/"]}]},{"@type":"BreadcrumbList","@id":"https:\/\/www.trafficticketteam.com\/es\/abogados\/sunrise\/#breadcrumb","itemListElement":[{"@type":"ListItem","position":1,"name":"Home","item":"https:\/\/www.trafficticketteam.com\/es\/"},{"@type":"ListItem","position":2,"name":"Abogados que Pelean Multas de Tr\u00e1nsito","item":"https:\/\/www.trafficticketteam.com\/es\/abogados\/"},{"@type":"ListItem","position":3,"name":"Sunrise"}]},{"@type":"WebSite","@id":"https:\/\/www.trafficticketteam.com\/#website","url":"https:\/\/www.trafficticketteam.com\/","name":"Traffic Ticket Team","description":"Fighting Traffic Tickets, DUI and more","potentialAction":[{"@type":"SearchAction","target":{"@type":"EntryPoint","urlTemplate":"https:\/\/www.trafficticketteam.com\/?s={search_term_string}"},"query-input":{"@type":"PropertyValueSpecification","valueRequired":true,"valueName":"search_term_string"}}],"inLanguage":"es"}]}},"_links":{"self":[{"href":"https:\/\/www.trafficticketteam.com\/es\/wp-json\/wp\/v2\/pages\/3578","targetHints":{"allow":["GET"]}}],"collection":[{"href":"https:\/\/www.trafficticketteam.com\/es\/wp-json\/wp\/v2\/pages"}],"about":[{"href":"https:\/\/www.trafficticketteam.com\/es\/wp-json\/wp\/v2\/types\/page"}],"author":[{"embeddable":true,"href":"https:\/\/www.trafficticketteam.com\/es\/wp-json\/wp\/v2\/users\/4"}],"replies":[{"embeddable":true,"href":"https:\/\/www.trafficticketteam.com\/es\/wp-json\/wp\/v2\/comments?post=3578"}],"version-history":[{"count":0,"href":"https:\/\/www.trafficticketteam.com\/es\/wp-json\/wp\/v2\/pages\/3578\/revisions"}],"up":[{"embeddable":true,"href":"https:\/\/www.trafficticketteam.com\/es\/wp-json\/wp\/v2\/pages\/3486"}],"wp:attachment":[{"href":"https:\/\/www.trafficticketteam.com\/es\/wp-json\/wp\/v2\/media?parent=3578"}],"curies":[{"name":"wp","href":"https:\/\/api.w.org\/{rel}","templated":true}]}}