{"id":3565,"date":"2017-08-04T10:32:09","date_gmt":"2017-08-04T14:32:09","guid":{"rendered":"http:\/\/www.trafficticketteam.com\/?page_id=3565\/"},"modified":"2017-08-04T10:32:09","modified_gmt":"2017-08-04T14:32:09","slug":"infraccion","status":"publish","type":"page","link":"https:\/\/www.trafficticketteam.com\/es\/infraccion\/","title":{"rendered":"Cargos Por Entrar Sin Autorizaci\u00f3n en Propiedad Ajena"},"content":{"rendered":"<p>Este tipo de cargo es considerado un delito menor aunque bajo ciertas circunstancias, puede ser considerado una felonia.\u00a0 Una de las formas mas comunes en cual ocurren estos casos es cuando una persona esta tratando de entrar otra ves or por primera ves en un establecimiento, tipicamente un club nocturno, y el guarda le a negado la entrada.<\/p>\n<p>La mayoria de la personas que son arestadas por este delito sienten que no hicieron nada malo y que el guarda que les nego la entrada, los trato injustamente. Este cargo significa que usted entro o se quedo en propiedad ajena despues de que le dieron aviso que no podia estar ahi. Es com\u00fan que este tipo de cargo sea acompa\u00f1ado por otros cargos de desorden p\u00fablico y resistir sin violencia. Mientras es\u00a0 es muy claro que este tipo de casos ocurre frequentemente\u00a0 en la Florida, esta ley es violdad muchas veces. \u00a0\u00a0\u00a0\u00a0Como regla general, a usted no lo pueden \u00a0acusar por este crimen sin primero haverle dado advertencia que su presencia no es permitidad en ese establecimiento.\u00a0 Esta advertencia puede ser verbal \u00a0or escrita.\u00a0 Para concluir, si usted entra a un lugar en donde ya le han advertido que no puede entrar, usted a cometido un crimen.\u00a0 Por favor llamenos si usted fue detenido o fue acusado por haber cometido este crimen.<\/p>\n<h2>Abogados que Pelean Cargos Por Entrar Sin Autorizaci\u00f3n en Propiedad Ajena<\/h2>\n<p>Si usted fue acusado por entrar sin autorizaci\u00f3n en propiedad ajena,\u00a0 llamenos a el (954) 967-9888<\/p>\n","protected":false},"excerpt":{"rendered":"<p>Este tipo de cargo es considerado un delito menor aunque bajo ciertas circunstancias, puede ser considerado una felonia.\u00a0 Una de las formas mas comunes en cual ocurren estos casos es cuando una persona esta tratando de entrar otra ves or por primera ves en un establecimiento, tipicamente un club nocturno,  [&#8230;]<\/p>\n","protected":false},"author":4,"featured_media":0,"parent":0,"menu_order":0,"comment_status":"closed","ping_status":"closed","template":"","meta":{"footnotes":""},"class_list":["post-3565","page","type-page","status-publish","hentry"],"yoast_head":"<!-- This site is optimized with the Yoast SEO plugin v27.3 - https:\/\/yoast.com\/product\/yoast-seo-wordpress\/ -->\n<title>Abogados que Pelean Cargos Por Entrar Sin Autorizaci\u00f3n en Propiedad Ajena<\/title>\n<meta name=\"robots\" content=\"index, follow, max-snippet:-1, max-image-preview:large, max-video-preview:-1\" \/>\n<link rel=\"canonical\" href=\"https:\/\/www.trafficticketteam.com\/es\/infraccion\/\" \/>\n<meta property=\"og:locale\" content=\"es_ES\" \/>\n<meta property=\"og:type\" content=\"article\" \/>\n<meta property=\"og:title\" content=\"Abogados que Pelean Cargos Por Entrar Sin Autorizaci\u00f3n en Propiedad Ajena\" \/>\n<meta property=\"og:description\" content=\"Este tipo de cargo es considerado un delito menor aunque bajo ciertas circunstancias, puede ser considerado una felonia.\u00a0 Una de las formas mas comunes en cual ocurren estos casos es cuando una persona esta tratando de entrar otra ves or por primera ves en un establecimiento, tipicamente un club nocturno, [...]\" \/>\n<meta property=\"og:url\" content=\"https:\/\/www.trafficticketteam.com\/es\/infraccion\/\" \/>\n<meta property=\"og:site_name\" content=\"Traffic Ticket Team\" \/>\n<meta property=\"article:publisher\" content=\"https:\/\/www.facebook.com\/trafficticketteam\/\" \/>\n<meta property=\"og:image\" content=\"https:\/\/www.trafficticketteam.com\/wp-content\/uploads\/2015\/12\/traffic-ticket-team-logo.webp\" \/>\n\t<meta property=\"og:image:width\" content=\"227\" \/>\n\t<meta property=\"og:image:height\" content=\"100\" \/>\n\t<meta property=\"og:image:type\" content=\"image\/webp\" \/>\n<meta name=\"twitter:card\" content=\"summary_large_image\" \/>\n<meta name=\"twitter:label1\" content=\"Tiempo de lectura\" \/>\n\t<meta name=\"twitter:data1\" content=\"1 minuto\" \/>\n<script type=\"application\/ld+json\" class=\"yoast-schema-graph\">{\"@context\":\"https:\\\/\\\/schema.org\",\"@graph\":[{\"@type\":\"WebPage\",\"@id\":\"https:\\\/\\\/www.trafficticketteam.com\\\/es\\\/infraccion\\\/\",\"url\":\"https:\\\/\\\/www.trafficticketteam.com\\\/es\\\/infraccion\\\/\",\"name\":\"Abogados que Pelean Cargos Por Entrar Sin Autorizaci\u00f3n en Propiedad Ajena\",\"isPartOf\":{\"@id\":\"https:\\\/\\\/www.trafficticketteam.com\\\/#website\"},\"datePublished\":\"2017-08-04T14:32:09+00:00\",\"breadcrumb\":{\"@id\":\"https:\\\/\\\/www.trafficticketteam.com\\\/es\\\/infraccion\\\/#breadcrumb\"},\"inLanguage\":\"es\",\"potentialAction\":[{\"@type\":\"ReadAction\",\"target\":[\"https:\\\/\\\/www.trafficticketteam.com\\\/es\\\/infraccion\\\/\"]}]},{\"@type\":\"BreadcrumbList\",\"@id\":\"https:\\\/\\\/www.trafficticketteam.com\\\/es\\\/infraccion\\\/#breadcrumb\",\"itemListElement\":[{\"@type\":\"ListItem\",\"position\":1,\"name\":\"Home\",\"item\":\"https:\\\/\\\/www.trafficticketteam.com\\\/es\\\/\"},{\"@type\":\"ListItem\",\"position\":2,\"name\":\"Cargos Por Entrar Sin Autorizaci\u00f3n en Propiedad Ajena\"}]},{\"@type\":\"WebSite\",\"@id\":\"https:\\\/\\\/www.trafficticketteam.com\\\/#website\",\"url\":\"https:\\\/\\\/www.trafficticketteam.com\\\/\",\"name\":\"Traffic Ticket Team\",\"description\":\"Fighting Traffic Tickets, DUI and more\",\"potentialAction\":[{\"@type\":\"SearchAction\",\"target\":{\"@type\":\"EntryPoint\",\"urlTemplate\":\"https:\\\/\\\/www.trafficticketteam.com\\\/?s={search_term_string}\"},\"query-input\":{\"@type\":\"PropertyValueSpecification\",\"valueRequired\":true,\"valueName\":\"search_term_string\"}}],\"inLanguage\":\"es\"}]}<\/script>\n<!-- \/ Yoast SEO plugin. -->","yoast_head_json":{"title":"Abogados que Pelean Cargos Por Entrar Sin Autorizaci\u00f3n en Propiedad Ajena","robots":{"index":"index","follow":"follow","max-snippet":"max-snippet:-1","max-image-preview":"max-image-preview:large","max-video-preview":"max-video-preview:-1"},"canonical":"https:\/\/www.trafficticketteam.com\/es\/infraccion\/","og_locale":"es_ES","og_type":"article","og_title":"Abogados que Pelean Cargos Por Entrar Sin Autorizaci\u00f3n en Propiedad Ajena","og_description":"Este tipo de cargo es considerado un delito menor aunque bajo ciertas circunstancias, puede ser considerado una felonia.\u00a0 Una de las formas mas comunes en cual ocurren estos casos es cuando una persona esta tratando de entrar otra ves or por primera ves en un establecimiento, tipicamente un club nocturno, [...]","og_url":"https:\/\/www.trafficticketteam.com\/es\/infraccion\/","og_site_name":"Traffic Ticket Team","article_publisher":"https:\/\/www.facebook.com\/trafficticketteam\/","og_image":[{"width":227,"height":100,"url":"https:\/\/www.trafficticketteam.com\/wp-content\/uploads\/2015\/12\/traffic-ticket-team-logo.webp","type":"image\/webp"}],"twitter_card":"summary_large_image","twitter_misc":{"Tiempo de lectura":"1 minuto"},"schema":{"@context":"https:\/\/schema.org","@graph":[{"@type":"WebPage","@id":"https:\/\/www.trafficticketteam.com\/es\/infraccion\/","url":"https:\/\/www.trafficticketteam.com\/es\/infraccion\/","name":"Abogados que Pelean Cargos Por Entrar Sin Autorizaci\u00f3n en Propiedad Ajena","isPartOf":{"@id":"https:\/\/www.trafficticketteam.com\/#website"},"datePublished":"2017-08-04T14:32:09+00:00","breadcrumb":{"@id":"https:\/\/www.trafficticketteam.com\/es\/infraccion\/#breadcrumb"},"inLanguage":"es","potentialAction":[{"@type":"ReadAction","target":["https:\/\/www.trafficticketteam.com\/es\/infraccion\/"]}]},{"@type":"BreadcrumbList","@id":"https:\/\/www.trafficticketteam.com\/es\/infraccion\/#breadcrumb","itemListElement":[{"@type":"ListItem","position":1,"name":"Home","item":"https:\/\/www.trafficticketteam.com\/es\/"},{"@type":"ListItem","position":2,"name":"Cargos Por Entrar Sin Autorizaci\u00f3n en Propiedad Ajena"}]},{"@type":"WebSite","@id":"https:\/\/www.trafficticketteam.com\/#website","url":"https:\/\/www.trafficticketteam.com\/","name":"Traffic Ticket Team","description":"Fighting Traffic Tickets, DUI and more","potentialAction":[{"@type":"SearchAction","target":{"@type":"EntryPoint","urlTemplate":"https:\/\/www.trafficticketteam.com\/?s={search_term_string}"},"query-input":{"@type":"PropertyValueSpecification","valueRequired":true,"valueName":"search_term_string"}}],"inLanguage":"es"}]}},"_links":{"self":[{"href":"https:\/\/www.trafficticketteam.com\/es\/wp-json\/wp\/v2\/pages\/3565","targetHints":{"allow":["GET"]}}],"collection":[{"href":"https:\/\/www.trafficticketteam.com\/es\/wp-json\/wp\/v2\/pages"}],"about":[{"href":"https:\/\/www.trafficticketteam.com\/es\/wp-json\/wp\/v2\/types\/page"}],"author":[{"embeddable":true,"href":"https:\/\/www.trafficticketteam.com\/es\/wp-json\/wp\/v2\/users\/4"}],"replies":[{"embeddable":true,"href":"https:\/\/www.trafficticketteam.com\/es\/wp-json\/wp\/v2\/comments?post=3565"}],"version-history":[{"count":0,"href":"https:\/\/www.trafficticketteam.com\/es\/wp-json\/wp\/v2\/pages\/3565\/revisions"}],"wp:attachment":[{"href":"https:\/\/www.trafficticketteam.com\/es\/wp-json\/wp\/v2\/media?parent=3565"}],"curies":[{"name":"wp","href":"https:\/\/api.w.org\/{rel}","templated":true}]}}