{"id":3563,"date":"2017-08-04T10:26:16","date_gmt":"2017-08-04T14:26:16","guid":{"rendered":"http:\/\/www.trafficticketteam.com\/?page_id=3563\/"},"modified":"2017-08-04T10:26:51","modified_gmt":"2017-08-04T14:26:51","slug":"posesion-de-drogas","status":"publish","type":"page","link":"https:\/\/www.trafficticketteam.com\/es\/posesion-de-drogas\/","title":{"rendered":"Posesi\u00f3n de Drogas"},"content":{"rendered":"<p>Una convicci\u00f3n por posesi\u00f3n de drogas puede impactar su vida seriamente.\u00a0 El Estado de la Florida es agresivo en pelear contra los que cometen estos cargos, aunque aveces sean menores.\u00a0 El ser encontrado culpable de cometer delitos menores, como posesi\u00f3n de marijuana o cualquier narcotico, puede resultar en la p\u00e9rdida de su licencia por hasta 2 a\u00f1os.<\/p>\n<p>No se declare culpable en la Florida por posesi\u00f3n de drogas antes de hablar con un abogado y explorar todas sus opciones.\u00a0\u00a0 Usted no quiere vivir con una convicci\u00f3n criminal en su record si lo puede evitar, y en muchos casos, es posible. \u00a0Hay excelente defensas que se pueden utilizar para reducir o completamente despedir los cargos dependiendo de los detalles de su caso.<\/p>\n<p>Los oficiales aveces act\u00faan en una manera descuidadosa y violan sus derechos constitucionales.\u00a0 Nosotros podemos pedir que cierta evidencia no sea usada en la corte si el policia lo paro, pero no tenia el derecho ni motivo por cual buscar en su carro o casa.\u00a0 Ciertos condados en el Estado de la Florida ofrecen programas de drogas especiales para ayudar a aquellos que tienen problemas con adicci\u00f3n.\u00a0\u00a0 De esta manera, se ayuda a el acusado sin que el enfoque sea completamente en castigar. \u00a0\u00a0Uno de nuestros abogados discutira las opciones y posibilidades con usted en una consulta gratis.<\/p>\n<h2>Abogados que Pelean Casos de Posesi\u00f3n de Drogas<\/h2>\n<p>Si a usted lo han acusado de tener posesi\u00f3n de drogas, llamenos, y nosotros pelearemos por usted. (954) 967-9888<\/p>\n","protected":false},"excerpt":{"rendered":"<p>Una convicci\u00f3n por posesi\u00f3n de drogas puede impactar su vida seriamente.\u00a0 El Estado de la Florida es agresivo en pelear contra los que cometen estos cargos, aunque aveces sean menores.\u00a0 El ser encontrado culpable de cometer delitos menores, como posesi\u00f3n de marijuana o cualquier narcotico, puede resultar en la p\u00e9rdida  [&#8230;]<\/p>\n","protected":false},"author":4,"featured_media":0,"parent":0,"menu_order":0,"comment_status":"closed","ping_status":"closed","template":"","meta":{"footnotes":""},"class_list":["post-3563","page","type-page","status-publish","hentry"],"yoast_head":"<!-- This site is optimized with the Yoast SEO plugin v27.4 - https:\/\/yoast.com\/product\/yoast-seo-wordpress\/ -->\n<title>Abogados que Pelean Casos de Posesi\u00f3n de Drogas<\/title>\n<meta name=\"robots\" content=\"index, follow, max-snippet:-1, max-image-preview:large, max-video-preview:-1\" \/>\n<link rel=\"canonical\" href=\"https:\/\/www.trafficticketteam.com\/es\/posesion-de-drogas\/\" \/>\n<meta property=\"og:locale\" content=\"es_ES\" \/>\n<meta property=\"og:type\" content=\"article\" \/>\n<meta property=\"og:title\" content=\"Abogados que Pelean Casos de Posesi\u00f3n de Drogas\" \/>\n<meta property=\"og:description\" content=\"Una convicci\u00f3n por posesi\u00f3n de drogas puede impactar su vida seriamente.\u00a0 El Estado de la Florida es agresivo en pelear contra los que cometen estos cargos, aunque aveces sean menores.\u00a0 El ser encontrado culpable de cometer delitos menores, como posesi\u00f3n de marijuana o cualquier narcotico, puede resultar en la p\u00e9rdida [...]\" \/>\n<meta property=\"og:url\" content=\"https:\/\/www.trafficticketteam.com\/es\/posesion-de-drogas\/\" \/>\n<meta property=\"og:site_name\" content=\"Traffic Ticket Team\" \/>\n<meta property=\"article:publisher\" content=\"https:\/\/www.facebook.com\/trafficticketteam\/\" \/>\n<meta property=\"article:modified_time\" content=\"2017-08-04T14:26:51+00:00\" \/>\n<meta property=\"og:image\" content=\"https:\/\/www.trafficticketteam.com\/wp-content\/uploads\/2015\/12\/traffic-ticket-team-logo.webp\" \/>\n\t<meta property=\"og:image:width\" content=\"227\" \/>\n\t<meta property=\"og:image:height\" content=\"100\" \/>\n\t<meta property=\"og:image:type\" content=\"image\/webp\" \/>\n<meta name=\"twitter:card\" content=\"summary_large_image\" \/>\n<meta name=\"twitter:label1\" content=\"Tiempo de lectura\" \/>\n\t<meta name=\"twitter:data1\" content=\"1 minuto\" \/>\n<script type=\"application\/ld+json\" class=\"yoast-schema-graph\">{\"@context\":\"https:\\\/\\\/schema.org\",\"@graph\":[{\"@type\":\"WebPage\",\"@id\":\"https:\\\/\\\/www.trafficticketteam.com\\\/es\\\/posesion-de-drogas\\\/\",\"url\":\"https:\\\/\\\/www.trafficticketteam.com\\\/es\\\/posesion-de-drogas\\\/\",\"name\":\"Abogados que Pelean Casos de Posesi\u00f3n de Drogas\",\"isPartOf\":{\"@id\":\"https:\\\/\\\/www.trafficticketteam.com\\\/#website\"},\"datePublished\":\"2017-08-04T14:26:16+00:00\",\"dateModified\":\"2017-08-04T14:26:51+00:00\",\"breadcrumb\":{\"@id\":\"https:\\\/\\\/www.trafficticketteam.com\\\/es\\\/posesion-de-drogas\\\/#breadcrumb\"},\"inLanguage\":\"es\",\"potentialAction\":[{\"@type\":\"ReadAction\",\"target\":[\"https:\\\/\\\/www.trafficticketteam.com\\\/es\\\/posesion-de-drogas\\\/\"]}]},{\"@type\":\"BreadcrumbList\",\"@id\":\"https:\\\/\\\/www.trafficticketteam.com\\\/es\\\/posesion-de-drogas\\\/#breadcrumb\",\"itemListElement\":[{\"@type\":\"ListItem\",\"position\":1,\"name\":\"Home\",\"item\":\"https:\\\/\\\/www.trafficticketteam.com\\\/es\\\/\"},{\"@type\":\"ListItem\",\"position\":2,\"name\":\"Posesi\u00f3n de Drogas\"}]},{\"@type\":\"WebSite\",\"@id\":\"https:\\\/\\\/www.trafficticketteam.com\\\/#website\",\"url\":\"https:\\\/\\\/www.trafficticketteam.com\\\/\",\"name\":\"Traffic Ticket Team\",\"description\":\"Fighting Traffic Tickets, DUI and more\",\"potentialAction\":[{\"@type\":\"SearchAction\",\"target\":{\"@type\":\"EntryPoint\",\"urlTemplate\":\"https:\\\/\\\/www.trafficticketteam.com\\\/?s={search_term_string}\"},\"query-input\":{\"@type\":\"PropertyValueSpecification\",\"valueRequired\":true,\"valueName\":\"search_term_string\"}}],\"inLanguage\":\"es\"}]}<\/script>\n<!-- \/ Yoast SEO plugin. -->","yoast_head_json":{"title":"Abogados que Pelean Casos de Posesi\u00f3n de Drogas","robots":{"index":"index","follow":"follow","max-snippet":"max-snippet:-1","max-image-preview":"max-image-preview:large","max-video-preview":"max-video-preview:-1"},"canonical":"https:\/\/www.trafficticketteam.com\/es\/posesion-de-drogas\/","og_locale":"es_ES","og_type":"article","og_title":"Abogados que Pelean Casos de Posesi\u00f3n de Drogas","og_description":"Una convicci\u00f3n por posesi\u00f3n de drogas puede impactar su vida seriamente.\u00a0 El Estado de la Florida es agresivo en pelear contra los que cometen estos cargos, aunque aveces sean menores.\u00a0 El ser encontrado culpable de cometer delitos menores, como posesi\u00f3n de marijuana o cualquier narcotico, puede resultar en la p\u00e9rdida [...]","og_url":"https:\/\/www.trafficticketteam.com\/es\/posesion-de-drogas\/","og_site_name":"Traffic Ticket Team","article_publisher":"https:\/\/www.facebook.com\/trafficticketteam\/","article_modified_time":"2017-08-04T14:26:51+00:00","og_image":[{"width":227,"height":100,"url":"https:\/\/www.trafficticketteam.com\/wp-content\/uploads\/2015\/12\/traffic-ticket-team-logo.webp","type":"image\/webp"}],"twitter_card":"summary_large_image","twitter_misc":{"Tiempo de lectura":"1 minuto"},"schema":{"@context":"https:\/\/schema.org","@graph":[{"@type":"WebPage","@id":"https:\/\/www.trafficticketteam.com\/es\/posesion-de-drogas\/","url":"https:\/\/www.trafficticketteam.com\/es\/posesion-de-drogas\/","name":"Abogados que Pelean Casos de Posesi\u00f3n de Drogas","isPartOf":{"@id":"https:\/\/www.trafficticketteam.com\/#website"},"datePublished":"2017-08-04T14:26:16+00:00","dateModified":"2017-08-04T14:26:51+00:00","breadcrumb":{"@id":"https:\/\/www.trafficticketteam.com\/es\/posesion-de-drogas\/#breadcrumb"},"inLanguage":"es","potentialAction":[{"@type":"ReadAction","target":["https:\/\/www.trafficticketteam.com\/es\/posesion-de-drogas\/"]}]},{"@type":"BreadcrumbList","@id":"https:\/\/www.trafficticketteam.com\/es\/posesion-de-drogas\/#breadcrumb","itemListElement":[{"@type":"ListItem","position":1,"name":"Home","item":"https:\/\/www.trafficticketteam.com\/es\/"},{"@type":"ListItem","position":2,"name":"Posesi\u00f3n de Drogas"}]},{"@type":"WebSite","@id":"https:\/\/www.trafficticketteam.com\/#website","url":"https:\/\/www.trafficticketteam.com\/","name":"Traffic Ticket Team","description":"Fighting Traffic Tickets, DUI and more","potentialAction":[{"@type":"SearchAction","target":{"@type":"EntryPoint","urlTemplate":"https:\/\/www.trafficticketteam.com\/?s={search_term_string}"},"query-input":{"@type":"PropertyValueSpecification","valueRequired":true,"valueName":"search_term_string"}}],"inLanguage":"es"}]}},"_links":{"self":[{"href":"https:\/\/www.trafficticketteam.com\/es\/wp-json\/wp\/v2\/pages\/3563","targetHints":{"allow":["GET"]}}],"collection":[{"href":"https:\/\/www.trafficticketteam.com\/es\/wp-json\/wp\/v2\/pages"}],"about":[{"href":"https:\/\/www.trafficticketteam.com\/es\/wp-json\/wp\/v2\/types\/page"}],"author":[{"embeddable":true,"href":"https:\/\/www.trafficticketteam.com\/es\/wp-json\/wp\/v2\/users\/4"}],"replies":[{"embeddable":true,"href":"https:\/\/www.trafficticketteam.com\/es\/wp-json\/wp\/v2\/comments?post=3563"}],"version-history":[{"count":0,"href":"https:\/\/www.trafficticketteam.com\/es\/wp-json\/wp\/v2\/pages\/3563\/revisions"}],"wp:attachment":[{"href":"https:\/\/www.trafficticketteam.com\/es\/wp-json\/wp\/v2\/media?parent=3563"}],"curies":[{"name":"wp","href":"https:\/\/api.w.org\/{rel}","templated":true}]}}