{"id":3541,"date":"2017-07-19T13:14:47","date_gmt":"2017-07-19T17:14:47","guid":{"rendered":"http:\/\/www.trafficticketteam.com\/?page_id=3541\/"},"modified":"2019-11-29T06:34:02","modified_gmt":"2019-11-29T11:34:02","slug":"boca-raton-fl","status":"publish","type":"page","link":"https:\/\/www.trafficticketteam.com\/es\/abogados\/boca-raton-fl\/","title":{"rendered":"Boca Raton"},"content":{"rendered":"<p>Multas por exceso de velocidad, luz roja, DUI y <a href=\"\/es\/multas-de-transito\/\">otras multas de tr\u00e1nsito<\/a> no son cuesti\u00f3nes simples y el solo pagar una multa en Boca Raton no significa que se resuelve el problema. En la Florida, el Departamento de Seguridad de Carreteras y Vehiculos Motorizados puede colocar puntos en su licencia. Si le dan mas de dos multas en el condado de Boca Raton, le pueden quitar su licencia de conducir.\u00a0 Sabia usted que con solo una multa le pueden subir la cuota de seguro?.\u00a0 Ese incremento se puede quedar mas de tres a\u00f1os despues de usted pagar su multa.\u00a0 Por eso es importante que usted se defienda, no importa si es su primera multa.<\/p>\n<p><strong>Multas Comunes en el Condado de Boca Raton<\/strong><\/p>\n<ul>\n<li>Pasarse <a href=\"\/es\/multas-por-luz-rojas\/\">luz roja<\/a><\/li>\n<li>Pasarse <a href=\"\/es\/senal-de-pare\/\">se\u00f1al de pare<\/a><\/li>\n<li>Manejar sin <a href=\"\/es\/manejar-de-forma-agresiva\/\">cuidado e agresivamente<\/a><\/li>\n<li>Manejar despues de consumir bebidas alcoh\u00f3licas bajo los 21 a\u00f1os<\/li>\n<li>Manejar con <a href=\"\/es\/licencia-suspendida\/\">la licencia o registraci\u00f3n expirada<\/a><\/li>\n<li>Manejando bajo la influencia del alcohol (DUI)<\/li>\n<li>Manejando con un nivel de alcohol .08% o mas<\/li>\n<li>Darse a la fuga despues de un accidente<\/li>\n<li>Homicidio incolucrando un vehiculo<\/li>\n<li>Multas por exceso de velocidad<\/li>\n<li>Multas por exceso de velocidad para evitar ser detenido<\/li>\n<li>Exceso de velocidad en zona de construcci\u00f3n<\/li>\n<li>Exceso de velocidad en zona escolar<\/li>\n<li>Andar a carreras<\/li>\n<li>Multa por no tener seguro<\/li>\n<li>Multa por no parar despues de oir la sirena del carro de el oficial<\/li>\n<li>Pasarse un bus escolar<\/li>\n<\/ul>\n<p><strong>Contrate al Traffic Ticket Team de el condado de Boca Raton<\/strong><\/p>\n<p>Cuando usted pelea una multa en el condado de Boca Raton, usted quiere a un abogado que conoce y entiende las leyes de trafico locales.\u00a0 Contrate a un abogado en Boca Raton que lo ayude a guiar el sistema. Los abogados de el Traffic Ticket Team de Boca Raton han representado a muchos y les han explicado el proceso desde el comienzo hasta terminar.<\/p>\n<p><strong>Beneficios de Disputar su Multa de Boca Raton<\/strong><\/p>\n<p>El Traffic Ticket Team tiene \u00e9xito de 99% en pelear multas en la Florida.\u00a0 Nuestra garantia para usted es esta<\/p>\n<ul>\n<li>No le daran puntos en su licencia<\/li>\n<li>Su cuota de seguro no subir\u00e1<\/li>\n<li>No tendra que ir a la corte. Nosotros vamos para que usted no tenga que perder tiempo de el trabajo o la escuela.<\/li>\n<li>Tranquilidad al saber que un abogado con experiencia lo defendera.<\/li>\n<\/ul>\n<p>Llame a el Traffic Ticket Team de Boca Raton a el 866-429-4437.<\/p>\n<p>&nbsp;<\/p>\n","protected":false},"excerpt":{"rendered":"<p>Multas por exceso de velocidad, luz roja, DUI y otras multas de tr\u00e1nsito no son cuesti\u00f3nes simples y el solo pagar una multa en Boca Raton no significa que se resuelve el problema. En la Florida, el Departamento de Seguridad de Carreteras y Vehiculos Motorizados puede colocar puntos en su  [&#8230;]<\/p>\n","protected":false},"author":4,"featured_media":0,"parent":3486,"menu_order":0,"comment_status":"closed","ping_status":"closed","template":"","meta":{"footnotes":""},"class_list":["post-3541","page","type-page","status-publish","hentry"],"yoast_head":"<!-- This site is optimized with the Yoast SEO plugin v27.3 - https:\/\/yoast.com\/product\/yoast-seo-wordpress\/ -->\n<title>Abogados que pelean Multas de Tr\u00e1nsito en Boca Raton<\/title>\n<meta name=\"robots\" content=\"index, follow, max-snippet:-1, max-image-preview:large, max-video-preview:-1\" \/>\n<link rel=\"canonical\" href=\"https:\/\/www.trafficticketteam.com\/es\/abogados\/boca-raton-fl\/\" \/>\n<meta property=\"og:locale\" content=\"es_ES\" \/>\n<meta property=\"og:type\" content=\"article\" \/>\n<meta property=\"og:title\" content=\"Abogados que pelean Multas de Tr\u00e1nsito en Boca Raton\" \/>\n<meta property=\"og:description\" content=\"Multas por exceso de velocidad, luz roja, DUI y otras multas de tr\u00e1nsito no son cuesti\u00f3nes simples y el solo pagar una multa en Boca Raton no significa que se resuelve el problema. En la Florida, el Departamento de Seguridad de Carreteras y Vehiculos Motorizados puede colocar puntos en su [...]\" \/>\n<meta property=\"og:url\" content=\"https:\/\/www.trafficticketteam.com\/es\/abogados\/boca-raton-fl\/\" \/>\n<meta property=\"og:site_name\" content=\"Traffic Ticket Team\" \/>\n<meta property=\"article:publisher\" content=\"https:\/\/www.facebook.com\/trafficticketteam\/\" \/>\n<meta property=\"article:modified_time\" content=\"2019-11-29T11:34:02+00:00\" \/>\n<meta property=\"og:image\" content=\"https:\/\/www.trafficticketteam.com\/wp-content\/uploads\/2015\/12\/traffic-ticket-team-logo.webp\" \/>\n\t<meta property=\"og:image:width\" content=\"227\" \/>\n\t<meta property=\"og:image:height\" content=\"100\" \/>\n\t<meta property=\"og:image:type\" content=\"image\/webp\" \/>\n<meta name=\"twitter:card\" content=\"summary_large_image\" \/>\n<meta name=\"twitter:label1\" content=\"Tiempo de lectura\" \/>\n\t<meta name=\"twitter:data1\" content=\"2 minutos\" \/>\n<script type=\"application\/ld+json\" class=\"yoast-schema-graph\">{\"@context\":\"https:\\\/\\\/schema.org\",\"@graph\":[{\"@type\":\"WebPage\",\"@id\":\"https:\\\/\\\/www.trafficticketteam.com\\\/es\\\/abogados\\\/boca-raton-fl\\\/\",\"url\":\"https:\\\/\\\/www.trafficticketteam.com\\\/es\\\/abogados\\\/boca-raton-fl\\\/\",\"name\":\"Abogados que pelean Multas de Tr\u00e1nsito en Boca Raton\",\"isPartOf\":{\"@id\":\"https:\\\/\\\/www.trafficticketteam.com\\\/#website\"},\"datePublished\":\"2017-07-19T17:14:47+00:00\",\"dateModified\":\"2019-11-29T11:34:02+00:00\",\"breadcrumb\":{\"@id\":\"https:\\\/\\\/www.trafficticketteam.com\\\/es\\\/abogados\\\/boca-raton-fl\\\/#breadcrumb\"},\"inLanguage\":\"es\",\"potentialAction\":[{\"@type\":\"ReadAction\",\"target\":[\"https:\\\/\\\/www.trafficticketteam.com\\\/es\\\/abogados\\\/boca-raton-fl\\\/\"]}]},{\"@type\":\"BreadcrumbList\",\"@id\":\"https:\\\/\\\/www.trafficticketteam.com\\\/es\\\/abogados\\\/boca-raton-fl\\\/#breadcrumb\",\"itemListElement\":[{\"@type\":\"ListItem\",\"position\":1,\"name\":\"Home\",\"item\":\"https:\\\/\\\/www.trafficticketteam.com\\\/es\\\/\"},{\"@type\":\"ListItem\",\"position\":2,\"name\":\"Abogados que Pelean Multas de Tr\u00e1nsito\",\"item\":\"https:\\\/\\\/www.trafficticketteam.com\\\/es\\\/abogados\\\/\"},{\"@type\":\"ListItem\",\"position\":3,\"name\":\"Boca Raton\"}]},{\"@type\":\"WebSite\",\"@id\":\"https:\\\/\\\/www.trafficticketteam.com\\\/#website\",\"url\":\"https:\\\/\\\/www.trafficticketteam.com\\\/\",\"name\":\"Traffic Ticket Team\",\"description\":\"Fighting Traffic Tickets, DUI and more\",\"potentialAction\":[{\"@type\":\"SearchAction\",\"target\":{\"@type\":\"EntryPoint\",\"urlTemplate\":\"https:\\\/\\\/www.trafficticketteam.com\\\/?s={search_term_string}\"},\"query-input\":{\"@type\":\"PropertyValueSpecification\",\"valueRequired\":true,\"valueName\":\"search_term_string\"}}],\"inLanguage\":\"es\"}]}<\/script>\n<!-- \/ Yoast SEO plugin. -->","yoast_head_json":{"title":"Abogados que pelean Multas de Tr\u00e1nsito en Boca Raton","robots":{"index":"index","follow":"follow","max-snippet":"max-snippet:-1","max-image-preview":"max-image-preview:large","max-video-preview":"max-video-preview:-1"},"canonical":"https:\/\/www.trafficticketteam.com\/es\/abogados\/boca-raton-fl\/","og_locale":"es_ES","og_type":"article","og_title":"Abogados que pelean Multas de Tr\u00e1nsito en Boca Raton","og_description":"Multas por exceso de velocidad, luz roja, DUI y otras multas de tr\u00e1nsito no son cuesti\u00f3nes simples y el solo pagar una multa en Boca Raton no significa que se resuelve el problema. En la Florida, el Departamento de Seguridad de Carreteras y Vehiculos Motorizados puede colocar puntos en su [...]","og_url":"https:\/\/www.trafficticketteam.com\/es\/abogados\/boca-raton-fl\/","og_site_name":"Traffic Ticket Team","article_publisher":"https:\/\/www.facebook.com\/trafficticketteam\/","article_modified_time":"2019-11-29T11:34:02+00:00","og_image":[{"width":227,"height":100,"url":"https:\/\/www.trafficticketteam.com\/wp-content\/uploads\/2015\/12\/traffic-ticket-team-logo.webp","type":"image\/webp"}],"twitter_card":"summary_large_image","twitter_misc":{"Tiempo de lectura":"2 minutos"},"schema":{"@context":"https:\/\/schema.org","@graph":[{"@type":"WebPage","@id":"https:\/\/www.trafficticketteam.com\/es\/abogados\/boca-raton-fl\/","url":"https:\/\/www.trafficticketteam.com\/es\/abogados\/boca-raton-fl\/","name":"Abogados que pelean Multas de Tr\u00e1nsito en Boca Raton","isPartOf":{"@id":"https:\/\/www.trafficticketteam.com\/#website"},"datePublished":"2017-07-19T17:14:47+00:00","dateModified":"2019-11-29T11:34:02+00:00","breadcrumb":{"@id":"https:\/\/www.trafficticketteam.com\/es\/abogados\/boca-raton-fl\/#breadcrumb"},"inLanguage":"es","potentialAction":[{"@type":"ReadAction","target":["https:\/\/www.trafficticketteam.com\/es\/abogados\/boca-raton-fl\/"]}]},{"@type":"BreadcrumbList","@id":"https:\/\/www.trafficticketteam.com\/es\/abogados\/boca-raton-fl\/#breadcrumb","itemListElement":[{"@type":"ListItem","position":1,"name":"Home","item":"https:\/\/www.trafficticketteam.com\/es\/"},{"@type":"ListItem","position":2,"name":"Abogados que Pelean Multas de Tr\u00e1nsito","item":"https:\/\/www.trafficticketteam.com\/es\/abogados\/"},{"@type":"ListItem","position":3,"name":"Boca Raton"}]},{"@type":"WebSite","@id":"https:\/\/www.trafficticketteam.com\/#website","url":"https:\/\/www.trafficticketteam.com\/","name":"Traffic Ticket Team","description":"Fighting Traffic Tickets, DUI and more","potentialAction":[{"@type":"SearchAction","target":{"@type":"EntryPoint","urlTemplate":"https:\/\/www.trafficticketteam.com\/?s={search_term_string}"},"query-input":{"@type":"PropertyValueSpecification","valueRequired":true,"valueName":"search_term_string"}}],"inLanguage":"es"}]}},"_links":{"self":[{"href":"https:\/\/www.trafficticketteam.com\/es\/wp-json\/wp\/v2\/pages\/3541","targetHints":{"allow":["GET"]}}],"collection":[{"href":"https:\/\/www.trafficticketteam.com\/es\/wp-json\/wp\/v2\/pages"}],"about":[{"href":"https:\/\/www.trafficticketteam.com\/es\/wp-json\/wp\/v2\/types\/page"}],"author":[{"embeddable":true,"href":"https:\/\/www.trafficticketteam.com\/es\/wp-json\/wp\/v2\/users\/4"}],"replies":[{"embeddable":true,"href":"https:\/\/www.trafficticketteam.com\/es\/wp-json\/wp\/v2\/comments?post=3541"}],"version-history":[{"count":0,"href":"https:\/\/www.trafficticketteam.com\/es\/wp-json\/wp\/v2\/pages\/3541\/revisions"}],"up":[{"embeddable":true,"href":"https:\/\/www.trafficticketteam.com\/es\/wp-json\/wp\/v2\/pages\/3486"}],"wp:attachment":[{"href":"https:\/\/www.trafficticketteam.com\/es\/wp-json\/wp\/v2\/media?parent=3541"}],"curies":[{"name":"wp","href":"https:\/\/api.w.org\/{rel}","templated":true}]}}