{"id":3483,"date":"2017-06-06T13:23:13","date_gmt":"2017-06-06T17:23:13","guid":{"rendered":"http:\/\/www.trafficticketteam.com\/?page_id=3483\/"},"modified":"2019-08-19T12:49:47","modified_gmt":"2019-08-19T16:49:47","slug":"multas-por-luz-rojas","status":"publish","type":"page","link":"https:\/\/www.trafficticketteam.com\/es\/multas-por-luz-rojas\/","title":{"rendered":"Abogados que Pelean Multas de Tr\u00e1nsito en el Sur de la Florida"},"content":{"rendered":"<p>Las multas por luz roja se dan mas y mas frequente cada dia.<\/p>\n<p>Pasarse la luz roja es una de las infracci\u00f3nes mas peligrosas. Como ya se sabe, aveces podemos cometer un error y nos pasamos la luz en rojo. Esto no significa que tiene que recibir puntos en su licencia. Nosotros hemos peleado muchos casos por pasarse luz roja y la mayoria del tiempo, el cliente no recibe puntos ni tiene que ir a la escuelita de conducir.<\/p>\n<p>Si le han dado una multa por pasarse luz roja, nosotros podemos pelear por usted. Si usted paga la multa, le daran los puntos. Ahora han colocado c\u00e1maras en ciertos semaforos. Estas c\u00e1maras toman fotos de los vehiculos que se pasan la luz roja y despues le mandan una multa con foto al due\u00f1o de el carro. Este tipo de multa no lleva puntos. Si usted lo paga, su licencia no sera afectada y la cuota de su seguro no subera. Si usted quiere pelear la multa, lo puede hacer, pero el proceso es largo y aveces puede perder su tiempo en tratar de pelearlo.<\/p>\n<p>Dispute su multa por luz roja. Llame al Traffic Ticket Team hoy al (954) 967-9888.<\/p>\n","protected":false},"excerpt":{"rendered":"<p>Las multas por luz roja se dan mas y mas frequente cada dia. Pasarse la luz roja es una de las infracci\u00f3nes mas peligrosas. Como ya se sabe, aveces podemos cometer un error y nos pasamos la luz en rojo. Esto no significa que tiene que recibir puntos en su  [&#8230;]<\/p>\n","protected":false},"author":4,"featured_media":0,"parent":0,"menu_order":0,"comment_status":"closed","ping_status":"closed","template":"","meta":{"footnotes":""},"class_list":["post-3483","page","type-page","status-publish","hentry"],"yoast_head":"<!-- This site is optimized with the Yoast SEO plugin v27.3 - https:\/\/yoast.com\/product\/yoast-seo-wordpress\/ -->\n<title>Abogados que Pelean Multas de Tr\u00e1nsito en el Sur de la Florida - Traffic Ticket Lawyer<\/title>\n<meta name=\"robots\" content=\"index, follow, max-snippet:-1, max-image-preview:large, max-video-preview:-1\" \/>\n<link rel=\"canonical\" href=\"https:\/\/www.trafficticketteam.com\/es\/multas-por-luz-rojas\/\" \/>\n<meta property=\"og:locale\" content=\"es_ES\" \/>\n<meta property=\"og:type\" content=\"article\" \/>\n<meta property=\"og:title\" content=\"Abogados que Pelean Multas de Tr\u00e1nsito en el Sur de la Florida - Traffic Ticket Lawyer\" \/>\n<meta property=\"og:description\" content=\"Las multas por luz roja se dan mas y mas frequente cada dia. Pasarse la luz roja es una de las infracci\u00f3nes mas peligrosas. Como ya se sabe, aveces podemos cometer un error y nos pasamos la luz en rojo. Esto no significa que tiene que recibir puntos en su [...]\" \/>\n<meta property=\"og:url\" content=\"https:\/\/www.trafficticketteam.com\/es\/multas-por-luz-rojas\/\" \/>\n<meta property=\"og:site_name\" content=\"Traffic Ticket Team\" \/>\n<meta property=\"article:publisher\" content=\"https:\/\/www.facebook.com\/trafficticketteam\/\" \/>\n<meta property=\"article:modified_time\" content=\"2019-08-19T16:49:47+00:00\" \/>\n<meta property=\"og:image\" content=\"https:\/\/www.trafficticketteam.com\/wp-content\/uploads\/2015\/12\/traffic-ticket-team-logo.webp\" \/>\n\t<meta property=\"og:image:width\" content=\"227\" \/>\n\t<meta property=\"og:image:height\" content=\"100\" \/>\n\t<meta property=\"og:image:type\" content=\"image\/webp\" \/>\n<meta name=\"twitter:card\" content=\"summary_large_image\" \/>\n<meta name=\"twitter:label1\" content=\"Tiempo de lectura\" \/>\n\t<meta name=\"twitter:data1\" content=\"1 minuto\" \/>\n<script type=\"application\/ld+json\" class=\"yoast-schema-graph\">{\"@context\":\"https:\\\/\\\/schema.org\",\"@graph\":[{\"@type\":\"WebPage\",\"@id\":\"https:\\\/\\\/www.trafficticketteam.com\\\/es\\\/multas-por-luz-rojas\\\/\",\"url\":\"https:\\\/\\\/www.trafficticketteam.com\\\/es\\\/multas-por-luz-rojas\\\/\",\"name\":\"Abogados que Pelean Multas de Tr\u00e1nsito en el Sur de la Florida - Traffic Ticket Lawyer\",\"isPartOf\":{\"@id\":\"https:\\\/\\\/www.trafficticketteam.com\\\/#website\"},\"datePublished\":\"2017-06-06T17:23:13+00:00\",\"dateModified\":\"2019-08-19T16:49:47+00:00\",\"breadcrumb\":{\"@id\":\"https:\\\/\\\/www.trafficticketteam.com\\\/es\\\/multas-por-luz-rojas\\\/#breadcrumb\"},\"inLanguage\":\"es\",\"potentialAction\":[{\"@type\":\"ReadAction\",\"target\":[\"https:\\\/\\\/www.trafficticketteam.com\\\/es\\\/multas-por-luz-rojas\\\/\"]}]},{\"@type\":\"BreadcrumbList\",\"@id\":\"https:\\\/\\\/www.trafficticketteam.com\\\/es\\\/multas-por-luz-rojas\\\/#breadcrumb\",\"itemListElement\":[{\"@type\":\"ListItem\",\"position\":1,\"name\":\"Home\",\"item\":\"https:\\\/\\\/www.trafficticketteam.com\\\/es\\\/\"},{\"@type\":\"ListItem\",\"position\":2,\"name\":\"Abogados que Pelean Multas de Tr\u00e1nsito en el Sur de la Florida\"}]},{\"@type\":\"WebSite\",\"@id\":\"https:\\\/\\\/www.trafficticketteam.com\\\/#website\",\"url\":\"https:\\\/\\\/www.trafficticketteam.com\\\/\",\"name\":\"Traffic Ticket Team\",\"description\":\"Fighting Traffic Tickets, DUI and more\",\"potentialAction\":[{\"@type\":\"SearchAction\",\"target\":{\"@type\":\"EntryPoint\",\"urlTemplate\":\"https:\\\/\\\/www.trafficticketteam.com\\\/?s={search_term_string}\"},\"query-input\":{\"@type\":\"PropertyValueSpecification\",\"valueRequired\":true,\"valueName\":\"search_term_string\"}}],\"inLanguage\":\"es\"}]}<\/script>\n<!-- \/ Yoast SEO plugin. -->","yoast_head_json":{"title":"Abogados que Pelean Multas de Tr\u00e1nsito en el Sur de la Florida - Traffic Ticket Lawyer","robots":{"index":"index","follow":"follow","max-snippet":"max-snippet:-1","max-image-preview":"max-image-preview:large","max-video-preview":"max-video-preview:-1"},"canonical":"https:\/\/www.trafficticketteam.com\/es\/multas-por-luz-rojas\/","og_locale":"es_ES","og_type":"article","og_title":"Abogados que Pelean Multas de Tr\u00e1nsito en el Sur de la Florida - Traffic Ticket Lawyer","og_description":"Las multas por luz roja se dan mas y mas frequente cada dia. Pasarse la luz roja es una de las infracci\u00f3nes mas peligrosas. Como ya se sabe, aveces podemos cometer un error y nos pasamos la luz en rojo. Esto no significa que tiene que recibir puntos en su [...]","og_url":"https:\/\/www.trafficticketteam.com\/es\/multas-por-luz-rojas\/","og_site_name":"Traffic Ticket Team","article_publisher":"https:\/\/www.facebook.com\/trafficticketteam\/","article_modified_time":"2019-08-19T16:49:47+00:00","og_image":[{"width":227,"height":100,"url":"https:\/\/www.trafficticketteam.com\/wp-content\/uploads\/2015\/12\/traffic-ticket-team-logo.webp","type":"image\/webp"}],"twitter_card":"summary_large_image","twitter_misc":{"Tiempo de lectura":"1 minuto"},"schema":{"@context":"https:\/\/schema.org","@graph":[{"@type":"WebPage","@id":"https:\/\/www.trafficticketteam.com\/es\/multas-por-luz-rojas\/","url":"https:\/\/www.trafficticketteam.com\/es\/multas-por-luz-rojas\/","name":"Abogados que Pelean Multas de Tr\u00e1nsito en el Sur de la Florida - Traffic Ticket Lawyer","isPartOf":{"@id":"https:\/\/www.trafficticketteam.com\/#website"},"datePublished":"2017-06-06T17:23:13+00:00","dateModified":"2019-08-19T16:49:47+00:00","breadcrumb":{"@id":"https:\/\/www.trafficticketteam.com\/es\/multas-por-luz-rojas\/#breadcrumb"},"inLanguage":"es","potentialAction":[{"@type":"ReadAction","target":["https:\/\/www.trafficticketteam.com\/es\/multas-por-luz-rojas\/"]}]},{"@type":"BreadcrumbList","@id":"https:\/\/www.trafficticketteam.com\/es\/multas-por-luz-rojas\/#breadcrumb","itemListElement":[{"@type":"ListItem","position":1,"name":"Home","item":"https:\/\/www.trafficticketteam.com\/es\/"},{"@type":"ListItem","position":2,"name":"Abogados que Pelean Multas de Tr\u00e1nsito en el Sur de la Florida"}]},{"@type":"WebSite","@id":"https:\/\/www.trafficticketteam.com\/#website","url":"https:\/\/www.trafficticketteam.com\/","name":"Traffic Ticket Team","description":"Fighting Traffic Tickets, DUI and more","potentialAction":[{"@type":"SearchAction","target":{"@type":"EntryPoint","urlTemplate":"https:\/\/www.trafficticketteam.com\/?s={search_term_string}"},"query-input":{"@type":"PropertyValueSpecification","valueRequired":true,"valueName":"search_term_string"}}],"inLanguage":"es"}]}},"_links":{"self":[{"href":"https:\/\/www.trafficticketteam.com\/es\/wp-json\/wp\/v2\/pages\/3483","targetHints":{"allow":["GET"]}}],"collection":[{"href":"https:\/\/www.trafficticketteam.com\/es\/wp-json\/wp\/v2\/pages"}],"about":[{"href":"https:\/\/www.trafficticketteam.com\/es\/wp-json\/wp\/v2\/types\/page"}],"author":[{"embeddable":true,"href":"https:\/\/www.trafficticketteam.com\/es\/wp-json\/wp\/v2\/users\/4"}],"replies":[{"embeddable":true,"href":"https:\/\/www.trafficticketteam.com\/es\/wp-json\/wp\/v2\/comments?post=3483"}],"version-history":[{"count":0,"href":"https:\/\/www.trafficticketteam.com\/es\/wp-json\/wp\/v2\/pages\/3483\/revisions"}],"wp:attachment":[{"href":"https:\/\/www.trafficticketteam.com\/es\/wp-json\/wp\/v2\/media?parent=3483"}],"curies":[{"name":"wp","href":"https:\/\/api.w.org\/{rel}","templated":true}]}}