{"id":3481,"date":"2017-06-06T13:19:16","date_gmt":"2017-06-06T17:19:16","guid":{"rendered":"http:\/\/www.trafficticketteam.com\/?page_id=3481\/"},"modified":"2019-08-19T12:48:48","modified_gmt":"2019-08-19T16:48:48","slug":"manejar-de-forma-agresiva","status":"publish","type":"page","link":"https:\/\/www.trafficticketteam.com\/es\/manejar-de-forma-agresiva\/","title":{"rendered":"Abogados que Pelean Multas por Exceso de Velocidad"},"content":{"rendered":"<p>Si lo han detenido por manejar agresivamente en la Florida, es importante que contrate a un abogado que pelea por multas de manejar agresivamente, ya que este tipo de multa es considerada una multa criminal. Nosotros peleamos por usted contra la ofensa de cual lo han acusado.<\/p>\n<p>Nosotros peleamos por los derechos constitucionales de nuestros clientes y prometemos usar nuestra experiencia y todo en nuestro poder para proteger y defenderlos. El manejar agresivamente en los Estados Unidos es muy comun, pero tambien un problema grave.<\/p>\n<p>El manejar agresivamente es manejar en forma que apeligra su vida, la vida de otros o propiedad. Este tipo de conducir es ilegal y peligroso. Exceder la velocidad mucho, manejar muy cerca a otro carro, cambiar de carril err\u00e1ticamente y pasarse de las se\u00f1ales de tr\u00e1fico es considerado peligroso e agresivo. Pasarse una luz roja es la mas agresiva.<\/p>\n<p>La mayoria de los estados han pasado legislaci\u00f3nes para penalizar ofensas por manejar agresivamente. Estas leyes fueron creadas para castigar a los que intencionalmente apeligran la vida de otras personas. Aveces, el conducir agresivamente es causado por el haber consumido bebidas alcoh\u00f3licas o drogas. Cualquier persona que meneja de forma agresiva, sin tomar en cuenta la vida ni la propiedad de otra persona, es culpable de haber cometido esta ofensa. Las personas que son detenidas por este crimen, pueden ser encarcelados por cino a 90 dias. Tambien le pueden cobrar ciento cuarenta hasta mil ($1,000) d\u00f3lares.<\/p>\n<p>La licensia o permiso de conducir tambien puede ser suspendida por treinta dias. Si le han dado multa por manejar agresivamente, llamenos.<\/p>\n<p>Dispute su multa por manejar agresivamente. Llame al Traffic Ticket Team hoy al (954) 967-9888.<\/p>\n","protected":false},"excerpt":{"rendered":"<p>Si lo han detenido por manejar agresivamente en la Florida, es importante que contrate a un abogado que pelea por multas de manejar agresivamente, ya que este tipo de multa es considerada una multa criminal. Nosotros peleamos por usted contra la ofensa de cual lo han acusado. Nosotros peleamos por  [&#8230;]<\/p>\n","protected":false},"author":4,"featured_media":0,"parent":0,"menu_order":0,"comment_status":"closed","ping_status":"closed","template":"","meta":{"footnotes":""},"class_list":["post-3481","page","type-page","status-publish","hentry"],"yoast_head":"<!-- This site is optimized with the Yoast SEO plugin v27.3 - https:\/\/yoast.com\/product\/yoast-seo-wordpress\/ -->\n<title>Abogados que Pelean Multas por Exceso de Velocidad - Traffic Ticket Lawyer<\/title>\n<meta name=\"robots\" content=\"index, follow, max-snippet:-1, max-image-preview:large, max-video-preview:-1\" \/>\n<link rel=\"canonical\" href=\"https:\/\/www.trafficticketteam.com\/es\/manejar-de-forma-agresiva\/\" \/>\n<meta property=\"og:locale\" content=\"es_ES\" \/>\n<meta property=\"og:type\" content=\"article\" \/>\n<meta property=\"og:title\" content=\"Abogados que Pelean Multas por Exceso de Velocidad - Traffic Ticket Lawyer\" \/>\n<meta property=\"og:description\" content=\"Si lo han detenido por manejar agresivamente en la Florida, es importante que contrate a un abogado que pelea por multas de manejar agresivamente, ya que este tipo de multa es considerada una multa criminal. Nosotros peleamos por usted contra la ofensa de cual lo han acusado. Nosotros peleamos por [...]\" \/>\n<meta property=\"og:url\" content=\"https:\/\/www.trafficticketteam.com\/es\/manejar-de-forma-agresiva\/\" \/>\n<meta property=\"og:site_name\" content=\"Traffic Ticket Team\" \/>\n<meta property=\"article:publisher\" content=\"https:\/\/www.facebook.com\/trafficticketteam\/\" \/>\n<meta property=\"article:modified_time\" content=\"2019-08-19T16:48:48+00:00\" \/>\n<meta property=\"og:image\" content=\"https:\/\/www.trafficticketteam.com\/wp-content\/uploads\/2015\/12\/traffic-ticket-team-logo.webp\" \/>\n\t<meta property=\"og:image:width\" content=\"227\" \/>\n\t<meta property=\"og:image:height\" content=\"100\" \/>\n\t<meta property=\"og:image:type\" content=\"image\/webp\" \/>\n<meta name=\"twitter:card\" content=\"summary_large_image\" \/>\n<meta name=\"twitter:label1\" content=\"Tiempo de lectura\" \/>\n\t<meta name=\"twitter:data1\" content=\"1 minuto\" \/>\n<script type=\"application\/ld+json\" class=\"yoast-schema-graph\">{\"@context\":\"https:\\\/\\\/schema.org\",\"@graph\":[{\"@type\":\"WebPage\",\"@id\":\"https:\\\/\\\/www.trafficticketteam.com\\\/es\\\/manejar-de-forma-agresiva\\\/\",\"url\":\"https:\\\/\\\/www.trafficticketteam.com\\\/es\\\/manejar-de-forma-agresiva\\\/\",\"name\":\"Abogados que Pelean Multas por Exceso de Velocidad - Traffic Ticket Lawyer\",\"isPartOf\":{\"@id\":\"https:\\\/\\\/www.trafficticketteam.com\\\/#website\"},\"datePublished\":\"2017-06-06T17:19:16+00:00\",\"dateModified\":\"2019-08-19T16:48:48+00:00\",\"breadcrumb\":{\"@id\":\"https:\\\/\\\/www.trafficticketteam.com\\\/es\\\/manejar-de-forma-agresiva\\\/#breadcrumb\"},\"inLanguage\":\"es\",\"potentialAction\":[{\"@type\":\"ReadAction\",\"target\":[\"https:\\\/\\\/www.trafficticketteam.com\\\/es\\\/manejar-de-forma-agresiva\\\/\"]}]},{\"@type\":\"BreadcrumbList\",\"@id\":\"https:\\\/\\\/www.trafficticketteam.com\\\/es\\\/manejar-de-forma-agresiva\\\/#breadcrumb\",\"itemListElement\":[{\"@type\":\"ListItem\",\"position\":1,\"name\":\"Home\",\"item\":\"https:\\\/\\\/www.trafficticketteam.com\\\/es\\\/\"},{\"@type\":\"ListItem\",\"position\":2,\"name\":\"Abogados que Pelean Multas por Exceso de Velocidad\"}]},{\"@type\":\"WebSite\",\"@id\":\"https:\\\/\\\/www.trafficticketteam.com\\\/#website\",\"url\":\"https:\\\/\\\/www.trafficticketteam.com\\\/\",\"name\":\"Traffic Ticket Team\",\"description\":\"Fighting Traffic Tickets, DUI and more\",\"potentialAction\":[{\"@type\":\"SearchAction\",\"target\":{\"@type\":\"EntryPoint\",\"urlTemplate\":\"https:\\\/\\\/www.trafficticketteam.com\\\/?s={search_term_string}\"},\"query-input\":{\"@type\":\"PropertyValueSpecification\",\"valueRequired\":true,\"valueName\":\"search_term_string\"}}],\"inLanguage\":\"es\"}]}<\/script>\n<!-- \/ Yoast SEO plugin. -->","yoast_head_json":{"title":"Abogados que Pelean Multas por Exceso de Velocidad - Traffic Ticket Lawyer","robots":{"index":"index","follow":"follow","max-snippet":"max-snippet:-1","max-image-preview":"max-image-preview:large","max-video-preview":"max-video-preview:-1"},"canonical":"https:\/\/www.trafficticketteam.com\/es\/manejar-de-forma-agresiva\/","og_locale":"es_ES","og_type":"article","og_title":"Abogados que Pelean Multas por Exceso de Velocidad - Traffic Ticket Lawyer","og_description":"Si lo han detenido por manejar agresivamente en la Florida, es importante que contrate a un abogado que pelea por multas de manejar agresivamente, ya que este tipo de multa es considerada una multa criminal. Nosotros peleamos por usted contra la ofensa de cual lo han acusado. Nosotros peleamos por [...]","og_url":"https:\/\/www.trafficticketteam.com\/es\/manejar-de-forma-agresiva\/","og_site_name":"Traffic Ticket Team","article_publisher":"https:\/\/www.facebook.com\/trafficticketteam\/","article_modified_time":"2019-08-19T16:48:48+00:00","og_image":[{"width":227,"height":100,"url":"https:\/\/www.trafficticketteam.com\/wp-content\/uploads\/2015\/12\/traffic-ticket-team-logo.webp","type":"image\/webp"}],"twitter_card":"summary_large_image","twitter_misc":{"Tiempo de lectura":"1 minuto"},"schema":{"@context":"https:\/\/schema.org","@graph":[{"@type":"WebPage","@id":"https:\/\/www.trafficticketteam.com\/es\/manejar-de-forma-agresiva\/","url":"https:\/\/www.trafficticketteam.com\/es\/manejar-de-forma-agresiva\/","name":"Abogados que Pelean Multas por Exceso de Velocidad - Traffic Ticket Lawyer","isPartOf":{"@id":"https:\/\/www.trafficticketteam.com\/#website"},"datePublished":"2017-06-06T17:19:16+00:00","dateModified":"2019-08-19T16:48:48+00:00","breadcrumb":{"@id":"https:\/\/www.trafficticketteam.com\/es\/manejar-de-forma-agresiva\/#breadcrumb"},"inLanguage":"es","potentialAction":[{"@type":"ReadAction","target":["https:\/\/www.trafficticketteam.com\/es\/manejar-de-forma-agresiva\/"]}]},{"@type":"BreadcrumbList","@id":"https:\/\/www.trafficticketteam.com\/es\/manejar-de-forma-agresiva\/#breadcrumb","itemListElement":[{"@type":"ListItem","position":1,"name":"Home","item":"https:\/\/www.trafficticketteam.com\/es\/"},{"@type":"ListItem","position":2,"name":"Abogados que Pelean Multas por Exceso de Velocidad"}]},{"@type":"WebSite","@id":"https:\/\/www.trafficticketteam.com\/#website","url":"https:\/\/www.trafficticketteam.com\/","name":"Traffic Ticket Team","description":"Fighting Traffic Tickets, DUI and more","potentialAction":[{"@type":"SearchAction","target":{"@type":"EntryPoint","urlTemplate":"https:\/\/www.trafficticketteam.com\/?s={search_term_string}"},"query-input":{"@type":"PropertyValueSpecification","valueRequired":true,"valueName":"search_term_string"}}],"inLanguage":"es"}]}},"_links":{"self":[{"href":"https:\/\/www.trafficticketteam.com\/es\/wp-json\/wp\/v2\/pages\/3481","targetHints":{"allow":["GET"]}}],"collection":[{"href":"https:\/\/www.trafficticketteam.com\/es\/wp-json\/wp\/v2\/pages"}],"about":[{"href":"https:\/\/www.trafficticketteam.com\/es\/wp-json\/wp\/v2\/types\/page"}],"author":[{"embeddable":true,"href":"https:\/\/www.trafficticketteam.com\/es\/wp-json\/wp\/v2\/users\/4"}],"replies":[{"embeddable":true,"href":"https:\/\/www.trafficticketteam.com\/es\/wp-json\/wp\/v2\/comments?post=3481"}],"version-history":[{"count":0,"href":"https:\/\/www.trafficticketteam.com\/es\/wp-json\/wp\/v2\/pages\/3481\/revisions"}],"wp:attachment":[{"href":"https:\/\/www.trafficticketteam.com\/es\/wp-json\/wp\/v2\/media?parent=3481"}],"curies":[{"name":"wp","href":"https:\/\/api.w.org\/{rel}","templated":true}]}}