{"id":3467,"date":"2017-06-05T18:05:30","date_gmt":"2017-06-05T22:05:30","guid":{"rendered":"http:\/\/www.trafficticketteam.com\/?page_id=3467\/"},"modified":"2017-06-22T15:50:49","modified_gmt":"2017-06-22T19:50:49","slug":"sobre","status":"publish","type":"page","link":"https:\/\/www.trafficticketteam.com\/es\/sobre\/","title":{"rendered":"Abogados que Pelean Multas por Exceso de Velocidad"},"content":{"rendered":"<h3>Abogados que Pelean Multas por Excesso de Velocidade<\/h3>\n<p>JASON A. DIAMOND, ESQ a sido un abogado litigante para la Oficina del Defensor P\u00fablico de el condado de Broward, defendiendo a clientes acusados de delitos menores, felonias, y crimenes juveniles. Jason se gradu\u00f3 de la Universidad de la Florida con honores y de Nova Southeastern School of Law. El Sr. Diamond empeso a practicar ley en la Florida en 1995. El Sr. Diamond a ense\u00f1ado ley en Broward Community College y Barry University en Miami. Al dia, los abogados del bufete de Jason Diamond han resuelto mas de 1,000,000 multas.<\/p>\n<hr \/>\n<p>SCOTT KISTNER, ESQ. se mudo al Estado de la Florida desde Connecticut en 1992. Antes de mudarse a la Florida, el Sr. Kistner atendio collegio en Providence, Rhode Island y tambien en Londres. El se gradu\u00f3 de Nova Southeastern School of Law. El Sr. Kistner pr\u00e1ctica en la Florida desde 1996 y tambien pr\u00e1ctico en el Estado de Colorado. El a peliado mas de 200,000 multas y mas de 10,000 casos criminales y delitos menores.<\/p>\n<hr \/>\n<p>RHONDA M. DIAMOND, ESQ. a pr\u00e1cticado en el Estado de la Florida y en el Estado de New York. La Sra. Diamond se gradu\u00f3 de Pennsylvania State University y University of New York at Buffalo School of Law. Ella trabajo para el Departamento de Correccion como abogada. Despues de mudarse a la Florida, pr\u00e1ctico como abogada de inmigracion y luego, para una corporaci\u00f3n multimillonaria. Antes de juntarse con Diamond, Kistner and Diamond en 2002, la Sra. Diamond trabajo con el Departamento de Seguridad de Carreteras y Vehiculos Motorizados de la Florida<\/p>\n","protected":false},"excerpt":{"rendered":"<p>Abogados que Pelean Multas por Excesso de Velocidade JASON A. DIAMOND, ESQ a sido un abogado litigante para la Oficina del Defensor P\u00fablico de el condado de Broward, defendiendo a clientes acusados de delitos menores, felonias, y crimenes juveniles. Jason se gradu\u00f3 de la Universidad de la Florida con honores  [&#8230;]<\/p>\n","protected":false},"author":4,"featured_media":0,"parent":0,"menu_order":0,"comment_status":"closed","ping_status":"closed","template":"","meta":{"footnotes":""},"class_list":["post-3467","page","type-page","status-publish","hentry"],"yoast_head":"<!-- This site is optimized with the Yoast SEO plugin v27.3 - https:\/\/yoast.com\/product\/yoast-seo-wordpress\/ -->\n<title>Abogados que Pelean Multas por Exceso de Velocidad - Traffic Ticket Lawyer<\/title>\n<meta name=\"robots\" content=\"index, follow, max-snippet:-1, max-image-preview:large, max-video-preview:-1\" \/>\n<link rel=\"canonical\" href=\"https:\/\/www.trafficticketteam.com\/es\/sobre\/\" \/>\n<meta property=\"og:locale\" content=\"es_ES\" \/>\n<meta property=\"og:type\" content=\"article\" \/>\n<meta property=\"og:title\" content=\"Abogados que Pelean Multas por Exceso de Velocidad - Traffic Ticket Lawyer\" \/>\n<meta property=\"og:description\" content=\"Abogados que Pelean Multas por Excesso de Velocidade JASON A. DIAMOND, ESQ a sido un abogado litigante para la Oficina del Defensor P\u00fablico de el condado de Broward, defendiendo a clientes acusados de delitos menores, felonias, y crimenes juveniles. Jason se gradu\u00f3 de la Universidad de la Florida con honores [...]\" \/>\n<meta property=\"og:url\" content=\"https:\/\/www.trafficticketteam.com\/es\/sobre\/\" \/>\n<meta property=\"og:site_name\" content=\"Traffic Ticket Team\" \/>\n<meta property=\"article:publisher\" content=\"https:\/\/www.facebook.com\/trafficticketteam\/\" \/>\n<meta property=\"article:modified_time\" content=\"2017-06-22T19:50:49+00:00\" \/>\n<meta property=\"og:image\" content=\"https:\/\/www.trafficticketteam.com\/wp-content\/uploads\/2015\/12\/traffic-ticket-team-logo.webp\" \/>\n\t<meta property=\"og:image:width\" content=\"227\" \/>\n\t<meta property=\"og:image:height\" content=\"100\" \/>\n\t<meta property=\"og:image:type\" content=\"image\/webp\" \/>\n<meta name=\"twitter:card\" content=\"summary_large_image\" \/>\n<meta name=\"twitter:label1\" content=\"Tiempo de lectura\" \/>\n\t<meta name=\"twitter:data1\" content=\"1 minuto\" \/>\n<script type=\"application\/ld+json\" class=\"yoast-schema-graph\">{\"@context\":\"https:\\\/\\\/schema.org\",\"@graph\":[{\"@type\":\"WebPage\",\"@id\":\"https:\\\/\\\/www.trafficticketteam.com\\\/es\\\/sobre\\\/\",\"url\":\"https:\\\/\\\/www.trafficticketteam.com\\\/es\\\/sobre\\\/\",\"name\":\"Abogados que Pelean Multas por Exceso de Velocidad - Traffic Ticket Lawyer\",\"isPartOf\":{\"@id\":\"https:\\\/\\\/www.trafficticketteam.com\\\/#website\"},\"datePublished\":\"2017-06-05T22:05:30+00:00\",\"dateModified\":\"2017-06-22T19:50:49+00:00\",\"breadcrumb\":{\"@id\":\"https:\\\/\\\/www.trafficticketteam.com\\\/es\\\/sobre\\\/#breadcrumb\"},\"inLanguage\":\"es\",\"potentialAction\":[{\"@type\":\"ReadAction\",\"target\":[\"https:\\\/\\\/www.trafficticketteam.com\\\/es\\\/sobre\\\/\"]}]},{\"@type\":\"BreadcrumbList\",\"@id\":\"https:\\\/\\\/www.trafficticketteam.com\\\/es\\\/sobre\\\/#breadcrumb\",\"itemListElement\":[{\"@type\":\"ListItem\",\"position\":1,\"name\":\"Home\",\"item\":\"https:\\\/\\\/www.trafficticketteam.com\\\/es\\\/\"},{\"@type\":\"ListItem\",\"position\":2,\"name\":\"Abogados que Pelean Multas por Exceso de Velocidad\"}]},{\"@type\":\"WebSite\",\"@id\":\"https:\\\/\\\/www.trafficticketteam.com\\\/#website\",\"url\":\"https:\\\/\\\/www.trafficticketteam.com\\\/\",\"name\":\"Traffic Ticket Team\",\"description\":\"Fighting Traffic Tickets, DUI and more\",\"potentialAction\":[{\"@type\":\"SearchAction\",\"target\":{\"@type\":\"EntryPoint\",\"urlTemplate\":\"https:\\\/\\\/www.trafficticketteam.com\\\/?s={search_term_string}\"},\"query-input\":{\"@type\":\"PropertyValueSpecification\",\"valueRequired\":true,\"valueName\":\"search_term_string\"}}],\"inLanguage\":\"es\"}]}<\/script>\n<!-- \/ Yoast SEO plugin. -->","yoast_head_json":{"title":"Abogados que Pelean Multas por Exceso de Velocidad - Traffic Ticket Lawyer","robots":{"index":"index","follow":"follow","max-snippet":"max-snippet:-1","max-image-preview":"max-image-preview:large","max-video-preview":"max-video-preview:-1"},"canonical":"https:\/\/www.trafficticketteam.com\/es\/sobre\/","og_locale":"es_ES","og_type":"article","og_title":"Abogados que Pelean Multas por Exceso de Velocidad - Traffic Ticket Lawyer","og_description":"Abogados que Pelean Multas por Excesso de Velocidade JASON A. DIAMOND, ESQ a sido un abogado litigante para la Oficina del Defensor P\u00fablico de el condado de Broward, defendiendo a clientes acusados de delitos menores, felonias, y crimenes juveniles. Jason se gradu\u00f3 de la Universidad de la Florida con honores [...]","og_url":"https:\/\/www.trafficticketteam.com\/es\/sobre\/","og_site_name":"Traffic Ticket Team","article_publisher":"https:\/\/www.facebook.com\/trafficticketteam\/","article_modified_time":"2017-06-22T19:50:49+00:00","og_image":[{"width":227,"height":100,"url":"https:\/\/www.trafficticketteam.com\/wp-content\/uploads\/2015\/12\/traffic-ticket-team-logo.webp","type":"image\/webp"}],"twitter_card":"summary_large_image","twitter_misc":{"Tiempo de lectura":"1 minuto"},"schema":{"@context":"https:\/\/schema.org","@graph":[{"@type":"WebPage","@id":"https:\/\/www.trafficticketteam.com\/es\/sobre\/","url":"https:\/\/www.trafficticketteam.com\/es\/sobre\/","name":"Abogados que Pelean Multas por Exceso de Velocidad - Traffic Ticket Lawyer","isPartOf":{"@id":"https:\/\/www.trafficticketteam.com\/#website"},"datePublished":"2017-06-05T22:05:30+00:00","dateModified":"2017-06-22T19:50:49+00:00","breadcrumb":{"@id":"https:\/\/www.trafficticketteam.com\/es\/sobre\/#breadcrumb"},"inLanguage":"es","potentialAction":[{"@type":"ReadAction","target":["https:\/\/www.trafficticketteam.com\/es\/sobre\/"]}]},{"@type":"BreadcrumbList","@id":"https:\/\/www.trafficticketteam.com\/es\/sobre\/#breadcrumb","itemListElement":[{"@type":"ListItem","position":1,"name":"Home","item":"https:\/\/www.trafficticketteam.com\/es\/"},{"@type":"ListItem","position":2,"name":"Abogados que Pelean Multas por Exceso de Velocidad"}]},{"@type":"WebSite","@id":"https:\/\/www.trafficticketteam.com\/#website","url":"https:\/\/www.trafficticketteam.com\/","name":"Traffic Ticket Team","description":"Fighting Traffic Tickets, DUI and more","potentialAction":[{"@type":"SearchAction","target":{"@type":"EntryPoint","urlTemplate":"https:\/\/www.trafficticketteam.com\/?s={search_term_string}"},"query-input":{"@type":"PropertyValueSpecification","valueRequired":true,"valueName":"search_term_string"}}],"inLanguage":"es"}]}},"_links":{"self":[{"href":"https:\/\/www.trafficticketteam.com\/es\/wp-json\/wp\/v2\/pages\/3467","targetHints":{"allow":["GET"]}}],"collection":[{"href":"https:\/\/www.trafficticketteam.com\/es\/wp-json\/wp\/v2\/pages"}],"about":[{"href":"https:\/\/www.trafficticketteam.com\/es\/wp-json\/wp\/v2\/types\/page"}],"author":[{"embeddable":true,"href":"https:\/\/www.trafficticketteam.com\/es\/wp-json\/wp\/v2\/users\/4"}],"replies":[{"embeddable":true,"href":"https:\/\/www.trafficticketteam.com\/es\/wp-json\/wp\/v2\/comments?post=3467"}],"version-history":[{"count":0,"href":"https:\/\/www.trafficticketteam.com\/es\/wp-json\/wp\/v2\/pages\/3467\/revisions"}],"wp:attachment":[{"href":"https:\/\/www.trafficticketteam.com\/es\/wp-json\/wp\/v2\/media?parent=3467"}],"curies":[{"name":"wp","href":"https:\/\/api.w.org\/{rel}","templated":true}]}}